{"id":3,"date":"2023-01-16T11:41:56","date_gmt":"2023-01-16T11:41:56","guid":{"rendered":"https:\/\/gammarus.es\/?page_id=3"},"modified":"2023-03-16T10:39:56","modified_gmt":"2023-03-16T10:39:56","slug":"politica-privacidad","status":"publish","type":"page","link":"https:\/\/www.gammarus.es\/es\/politica-privacidad","title":{"rendered":"CL\u00c1USULA DE CONSENTIMIENTO ADAPTADA AL REGLAMENTO EUROPEO DE PROTECCI\u00d3N DE DATOS"},"content":{"rendered":"<section class=\"wpb-content-wrapper\"><p>[vc_row][vc_column][vc_column_text]<\/p>\n<h4>INFORMACI\u00d3N B\u00c1SICA SOBRE PROTECCI\u00d3N DE DATOS<\/h4>\n<table>\n<tbody>\n<tr>\n<td>Responsable<\/td>\n<td>Puede dirigirse a <a href=\"mailto:administracio@gammarus.es\">administracio@gammarus.es<\/a> para m\u00e1s informaci\u00f3n.<\/td>\n<\/tr>\n<tr>\n<td>Finalidades principales<\/td>\n<td>Env\u00edo de informaci\u00f3n y ofertas comerciales a trav\u00e9s del nombre comercial GAMMARUS, cuando lo consienta expresamente.<br \/>\nCampa\u00f1as puntuales de control interno y calidad.<\/td>\n<\/tr>\n<tr>\n<td>Legitimaci\u00f3n<\/td>\n<td>Legitimaci\u00f3n Consentimiento del interesado<br \/>\nInter\u00e9s leg\u00edtimo<\/td>\n<\/tr>\n<tr>\n<td>Derechos<\/td>\n<td>Acceder, rectificar y suprimir los datos, as\u00ed como otros derechos, como se explica en la informaci\u00f3n adicional.<\/td>\n<\/tr>\n<\/tbody>\n<\/table>\n<p>[\/vc_column_text][vc_empty_space][vc_column_text]<\/p>\n<h4>INFORMACI\u00d3N ADICIONAL Y DETALLADA SOBRE PROTECCI\u00d3N DE DATOS<\/h4>\n<table>\n<tbody>\n<tr>\n<td>\u00bfQui\u00e9n es el Responsable del tratamiento de sus datos?<\/td>\n<td>Para m\u00e1s informaci\u00f3n dirigirse al email: <a href=\"mailto:administracio@gammarus.es\">administracio@gammarus.es<\/a><br \/>\nCorreo Electr\u00f3nico: <a href=\"mailto:administracio@gammarus.es\">administracio@gammarus.es<\/a><\/td>\n<\/tr>\n<tr>\n<td>\u00bfQui\u00e9nes pueden ser destinatario de la comunicaci\u00f3n de datos?<\/td>\n<td>\u00bfQui\u00e9nes pueden ser destinatario de la comunicaci\u00f3n de datos? IRM Lloret 1 S,L. como encargada de tratamiento<br \/>\nC.I.F.: B55368955<br \/>\nDirecci\u00f3n Postal: Riera 28 17310 Lloret de Mar<\/td>\n<\/tr>\n<tr>\n<td>\u00bfCu\u00e1les son las finalidades principales del tratamiento de sus datos?<\/td>\n<td>1.- Atender sus solicitudes de informaci\u00f3n<br \/>\nUtilizaremos sus datos directamente para atender cualquier solicitud de informaci\u00f3n que nos realice.<br \/>\n2.- Gestionar el env\u00edo de informaci\u00f3n comercial<br \/>\nUtilizaremos sus datos para remitirle comunicaciones comerciales que consideramos que pueden ser de su inter\u00e9s por cualquier medio, automatizado o no (correo, SMS, MMS, fax, Internet, tel\u00e9fono\u2026) a trav\u00e9s de la marca comercial Gammarus Restaurant &amp; Beach CLub.<br \/>\n3.- Elaboraci\u00f3n de perfiles<br \/>\nCon el fin de personalizar las ofertas, en ocasiones elaboramos perfiles comerciales con la informaci\u00f3n de la que disponemos de los destinatarios (edad, sexo, lugar de residencia, intereses manifestados\u2026).<br \/>\n4.-Realizaci\u00f3n de campa\u00f1as telef\u00f3nicas de control interno y calidad.<\/td>\n<\/tr>\n<tr>\n<td>\u00bfPor cu\u00e1nto tiempo conservaremos sus datos?<\/td>\n<td>Los datos proporcionados se conservar\u00e1n mientras no se solicite la supresi\u00f3n por el interesado y durante un plazo de 3 a\u00f1os a partir de la \u00faltima confirmaci\u00f3n de inter\u00e9s por su parte.<\/td>\n<\/tr>\n<tr>\n<td>\u00bfCu\u00e1l es la legitimaci\u00f3n para el tratamiento de sus datos?<\/td>\n<td>La oferta prospectiva de nuestros productos y servicios est\u00e1 basada en el consentimiento y en el inter\u00e9s leg\u00edtimo.<\/td>\n<\/tr>\n<tr>\n<td>\u00bfCu\u00e1les son sus derechos cuando nos facilita sus datos?<\/td>\n<td>\u00bfCu\u00e1les son sus derechos cuando nos facilita sus datos? Cualquier persona tiene derecho a obtener confirmaci\u00f3n sobre si en GAMMARUS RESTAURANT &amp; BEACH CLUB estamos tratando datos personales que le conciernen o no.<br \/>\nLas personas interesadas tienen derecho a acceder a sus datos personales, as\u00ed como a solicitar la rectificaci\u00f3n de los datos inexactos o, en su caso, solicitar la supresi\u00f3n cuando, entre otros motivos, los datos ya no sean necesarios para los fines para los que fueron recogidos.<br \/>\nEn determinadas ocasiones, los interesados podr\u00e1n solicitar la limitaci\u00f3n del tratamiento de sus datos, en cuyo caso los conservaremos para el ejercicio o la defensa de reclamaciones y otros supuestos contemplados en la Ley.<br \/>\nEn determinadas circunstancias y por motivos relacionados con su situaci\u00f3n particular, los interesados podr\u00e1n oponerse al tratamiento de sus datos. GAMMARUS RESTAURANT &amp; BEACH CLUB dejar\u00e1 de tratar los datos, salvo por motivos leg\u00edtimos imperiosos, o el ejercicio de defensa de posibles reclamaciones.<br \/>\nEn caso de ejercer el derecho de oposici\u00f3n al env\u00edo de publicidad sus datos dejar\u00e1n de ser tratados con esa finalidad.<br \/>\nLas personas interesadas tienen derecho a la portabilidad de sus datos.<br \/>\nAsimismo, el interesado tiene derecho a retirar en cualquier momento el consentimiento prestado para los fines del tratamiento a que se destinan sus datos personales.<br \/>\nPara el ejercicio de sus derechos le rogamos que nos lo comunique por escrito a GAMMARUS RESTAURANT &amp; BEACH CLUB indicando su nombre, apellidos, direcci\u00f3n y acompa\u00f1ado de una copia de su documento oficial de identificaci\u00f3n. Por e-mail a: <a href=\"mailto:administracio@gammarus.es\">administracio@gammarus.es<\/a> o por correo postal a: Riera 28 17310 Lloret de Mar.<br \/>\nLe informamos del derecho que le asiste a presentar reclamaci\u00f3n ante la Agencia Espa\u00f1ola de Protecci\u00f3n de Datos.<\/td>\n<\/tr>\n<tr>\n<td>Informaci\u00f3n adicional Menores de edad.<\/td>\n<td>Los menores de 14 a\u00f1os deben abstenerse de facilitarnos sus datos personales.<\/td>\n<\/tr>\n<\/tbody>\n<\/table>\n<p>[\/vc_column_text][\/vc_column][\/vc_row][vc_row][vc_column][\/vc_column][\/vc_row]<\/p>\n<\/section>","protected":false},"excerpt":{"rendered":"<p>[vc_row][vc_column][vc_column_text] INFORMACI\u00d3N B\u00c1SICA SOBRE PROTECCI\u00d3N DE DATOS Responsable Puede dirigirse a administracio@gammarus.es para m\u00e1s informaci\u00f3n. Finalidades principales Env\u00edo de informaci\u00f3n y ofertas comerciales a trav\u00e9s del nombre comercial GAMMARUS, cuando lo consienta expresamente. Campa\u00f1as puntuales de control interno y calidad. Legitimaci\u00f3n Legitimaci\u00f3n Consentimiento del interesado Inter\u00e9s leg\u00edtimo Derechos Acceder, rectificar y suprimir los datos, as\u00ed&hellip;<\/p>\n","protected":false},"author":1,"featured_media":0,"parent":0,"menu_order":0,"comment_status":"closed","ping_status":"closed","template":"","meta":[],"yoast_head":"<!-- This site is optimized with the Yoast SEO plugin v20.3 - https:\/\/yoast.com\/wordpress\/plugins\/seo\/ -->\n<title>CL\u00c1USULA DE CONSENTIMIENTO ADAPTADA AL REGLAMENTO EUROPEO DE PROTECCI\u00d3N DE DATOS - Gammarus<\/title>\n<meta name=\"robots\" content=\"index, follow, max-snippet:-1, max-image-preview:large, max-video-preview:-1\" \/>\n<link rel=\"canonical\" href=\"https:\/\/www.gammarus.es\/es\/politica-privacidad\" \/>\n<meta property=\"og:locale\" content=\"es_ES\" \/>\n<meta property=\"og:type\" content=\"article\" \/>\n<meta property=\"og:title\" content=\"CL\u00c1USULA DE CONSENTIMIENTO ADAPTADA AL REGLAMENTO EUROPEO DE PROTECCI\u00d3N DE DATOS - Gammarus\" \/>\n<meta property=\"og:description\" content=\"[vc_row][vc_column][vc_column_text] INFORMACI\u00d3N B\u00c1SICA SOBRE PROTECCI\u00d3N DE DATOS Responsable Puede dirigirse a administracio@gammarus.es para m\u00e1s informaci\u00f3n. Finalidades principales Env\u00edo de informaci\u00f3n y ofertas comerciales a trav\u00e9s del nombre comercial GAMMARUS, cuando lo consienta expresamente. Campa\u00f1as puntuales de control interno y calidad. Legitimaci\u00f3n Legitimaci\u00f3n Consentimiento del interesado Inter\u00e9s leg\u00edtimo Derechos Acceder, rectificar y suprimir los datos, as\u00ed&hellip;\" \/>\n<meta property=\"og:url\" content=\"https:\/\/www.gammarus.es\/es\/politica-privacidad\" \/>\n<meta property=\"og:site_name\" content=\"Gammarus\" \/>\n<meta property=\"article:modified_time\" content=\"2023-03-16T10:39:56+00:00\" \/>\n<meta name=\"twitter:card\" content=\"summary_large_image\" \/>\n<meta name=\"twitter:label1\" content=\"Tiempo de lectura\" \/>\n\t<meta name=\"twitter:data1\" content=\"4 minutos\" \/>\n<script type=\"application\/ld+json\" class=\"yoast-schema-graph\">{\"@context\":\"https:\/\/schema.org\",\"@graph\":[{\"@type\":\"WebPage\",\"@id\":\"https:\/\/www.gammarus.es\/es\/politica-privacidad\",\"url\":\"https:\/\/www.gammarus.es\/es\/politica-privacidad\",\"name\":\"CL\u00c1USULA DE CONSENTIMIENTO ADAPTADA AL REGLAMENTO EUROPEO DE PROTECCI\u00d3N DE DATOS - Gammarus\",\"isPartOf\":{\"@id\":\"https:\/\/www.gammarus.es\/es#website\"},\"datePublished\":\"2023-01-16T11:41:56+00:00\",\"dateModified\":\"2023-03-16T10:39:56+00:00\",\"breadcrumb\":{\"@id\":\"https:\/\/www.gammarus.es\/es\/politica-privacidad#breadcrumb\"},\"inLanguage\":\"es\",\"potentialAction\":[{\"@type\":\"ReadAction\",\"target\":[\"https:\/\/www.gammarus.es\/es\/politica-privacidad\"]}]},{\"@type\":\"BreadcrumbList\",\"@id\":\"https:\/\/www.gammarus.es\/es\/politica-privacidad#breadcrumb\",\"itemListElement\":[{\"@type\":\"ListItem\",\"position\":1,\"name\":\"Portada\",\"item\":\"https:\/\/www.gammarus.es\/es\"},{\"@type\":\"ListItem\",\"position\":2,\"name\":\"CL\u00c1USULA DE CONSENTIMIENTO ADAPTADA AL REGLAMENTO EUROPEO DE PROTECCI\u00d3N DE DATOS\"}]},{\"@type\":\"WebSite\",\"@id\":\"https:\/\/www.gammarus.es\/es#website\",\"url\":\"https:\/\/www.gammarus.es\/es\",\"name\":\"Gammarus\",\"description\":\"Restaurant &amp; Beach Club\",\"potentialAction\":[{\"@type\":\"SearchAction\",\"target\":{\"@type\":\"EntryPoint\",\"urlTemplate\":\"https:\/\/www.gammarus.es\/es?s={search_term_string}\"},\"query-input\":\"required name=search_term_string\"}],\"inLanguage\":\"es\"}]}<\/script>\n<!-- \/ Yoast SEO plugin. -->","yoast_head_json":{"title":"CL\u00c1USULA DE CONSENTIMIENTO ADAPTADA AL REGLAMENTO EUROPEO DE PROTECCI\u00d3N DE DATOS - Gammarus","robots":{"index":"index","follow":"follow","max-snippet":"max-snippet:-1","max-image-preview":"max-image-preview:large","max-video-preview":"max-video-preview:-1"},"canonical":"https:\/\/www.gammarus.es\/es\/politica-privacidad","og_locale":"es_ES","og_type":"article","og_title":"CL\u00c1USULA DE CONSENTIMIENTO ADAPTADA AL REGLAMENTO EUROPEO DE PROTECCI\u00d3N DE DATOS - Gammarus","og_description":"[vc_row][vc_column][vc_column_text] INFORMACI\u00d3N B\u00c1SICA SOBRE PROTECCI\u00d3N DE DATOS Responsable Puede dirigirse a administracio@gammarus.es para m\u00e1s informaci\u00f3n. Finalidades principales Env\u00edo de informaci\u00f3n y ofertas comerciales a trav\u00e9s del nombre comercial GAMMARUS, cuando lo consienta expresamente. Campa\u00f1as puntuales de control interno y calidad. Legitimaci\u00f3n Legitimaci\u00f3n Consentimiento del interesado Inter\u00e9s leg\u00edtimo Derechos Acceder, rectificar y suprimir los datos, as\u00ed&hellip;","og_url":"https:\/\/www.gammarus.es\/es\/politica-privacidad","og_site_name":"Gammarus","article_modified_time":"2023-03-16T10:39:56+00:00","twitter_card":"summary_large_image","twitter_misc":{"Tiempo de lectura":"4 minutos"},"schema":{"@context":"https:\/\/schema.org","@graph":[{"@type":"WebPage","@id":"https:\/\/www.gammarus.es\/es\/politica-privacidad","url":"https:\/\/www.gammarus.es\/es\/politica-privacidad","name":"CL\u00c1USULA DE CONSENTIMIENTO ADAPTADA AL REGLAMENTO EUROPEO DE PROTECCI\u00d3N DE DATOS - Gammarus","isPartOf":{"@id":"https:\/\/www.gammarus.es\/es#website"},"datePublished":"2023-01-16T11:41:56+00:00","dateModified":"2023-03-16T10:39:56+00:00","breadcrumb":{"@id":"https:\/\/www.gammarus.es\/es\/politica-privacidad#breadcrumb"},"inLanguage":"es","potentialAction":[{"@type":"ReadAction","target":["https:\/\/www.gammarus.es\/es\/politica-privacidad"]}]},{"@type":"BreadcrumbList","@id":"https:\/\/www.gammarus.es\/es\/politica-privacidad#breadcrumb","itemListElement":[{"@type":"ListItem","position":1,"name":"Portada","item":"https:\/\/www.gammarus.es\/es"},{"@type":"ListItem","position":2,"name":"CL\u00c1USULA DE CONSENTIMIENTO ADAPTADA AL REGLAMENTO EUROPEO DE PROTECCI\u00d3N DE DATOS"}]},{"@type":"WebSite","@id":"https:\/\/www.gammarus.es\/es#website","url":"https:\/\/www.gammarus.es\/es","name":"Gammarus","description":"Restaurant &amp; Beach Club","potentialAction":[{"@type":"SearchAction","target":{"@type":"EntryPoint","urlTemplate":"https:\/\/www.gammarus.es\/es?s={search_term_string}"},"query-input":"required name=search_term_string"}],"inLanguage":"es"}]}},"_links":{"self":[{"href":"https:\/\/www.gammarus.es\/es\/wp-json\/wp\/v2\/pages\/3"}],"collection":[{"href":"https:\/\/www.gammarus.es\/es\/wp-json\/wp\/v2\/pages"}],"about":[{"href":"https:\/\/www.gammarus.es\/es\/wp-json\/wp\/v2\/types\/page"}],"author":[{"embeddable":true,"href":"https:\/\/www.gammarus.es\/es\/wp-json\/wp\/v2\/users\/1"}],"replies":[{"embeddable":true,"href":"https:\/\/www.gammarus.es\/es\/wp-json\/wp\/v2\/comments?post=3"}],"version-history":[{"count":12,"href":"https:\/\/www.gammarus.es\/es\/wp-json\/wp\/v2\/pages\/3\/revisions"}],"predecessor-version":[{"id":58464,"href":"https:\/\/www.gammarus.es\/es\/wp-json\/wp\/v2\/pages\/3\/revisions\/58464"}],"wp:attachment":[{"href":"https:\/\/www.gammarus.es\/es\/wp-json\/wp\/v2\/media?parent=3"}],"curies":[{"name":"wp","href":"https:\/\/api.w.org\/{rel}","templated":true}]}}